{"id":29,"date":"2022-07-06T12:29:00","date_gmt":"2022-07-06T12:29:00","guid":{"rendered":"https:\/\/bacstreaming.com.ar\/index.php\/producto\/amo-odiarte\/"},"modified":"2023-06-30T12:19:19","modified_gmt":"2023-06-30T12:19:19","slug":"amo-odiarte","status":"publish","type":"product","link":"https:\/\/bacstreaming.com.ar\/index.php\/producto\/amo-odiarte\/","title":{"rendered":"Amo odiarte"},"content":{"rendered":"<p>Amo odiarte es una historia de amor, de los de antes, de los de ahora, de los de siempre. Es pasi\u00f3n intolerante que quiere madurar. Casi nunca lo consigue&#8230; pero no deja de pelear por lograrlo.<\/p>\n<p>Gonzalo y Patricia construyen su historia muy a pesar de ellos, pero la destruyen sin piedad. Los une el amor y los aleja sus espantos. Patricia y Gonzalo son la hermosa m\u00fasica de una \u00e9poca que siempre estar\u00e1. Son tal para cual y todo lo contrario.<\/p>\n<p>Un amor ciclot\u00edmico, egoc\u00e9ntrico y posesivo. Pasi\u00f3n que le dicen&#8230; esa que no pod\u00e9s explicar\u2026<\/p>\n","protected":false},"excerpt":{"rendered":"<div id=\"product-description-short-18\" class=\"product-short-desc\">\n<p>(Comedia Rom\u00e1ntica)<\/p>\n<\/div>\n","protected":false},"featured_media":27,"comment_status":"open","ping_status":"closed","template":"","meta":{"kt_blocks_editor_width":"","_kad_blocks_custom_css":"","_kad_blocks_head_custom_js":"","_kad_blocks_body_custom_js":"","_kad_blocks_footer_custom_js":""},"product_brand":[],"product_cat":[36],"product_tag":[],"class_list":{"0":"post-29","1":"product","2":"type-product","3":"status-publish","4":"has-post-thumbnail","6":"product_cat-espectaculos","7":"pa_actuan-nancyanka_pablosorensen","8":"pa_asistenciadedireccion-sofiaanka","9":"pa_direccion-rodrigocardenas","10":"pa_duracion-60min","11":"pa_escenografia-vanesaabramovich","12":"pa_iluminacion-alanmonserrat","13":"pa_vestuario-vanesaabramovich","14":"pa_visuales-arielloffi","16":"first","17":"instock","18":"featured","19":"downloadable","20":"virtual","21":"purchasable","22":"product-type-simple"},"taxonomy_info":{"product_cat":[{"value":36,"label":"Espect\u00e1culos"}],"pa_actuan":[{"value":42,"label":"Nancy Anka, Pablo Sorensen"}],"pa_asistenciadedireccion":[{"value":49,"label":"Sof\u00eda Anka"}],"pa_direccion":[{"value":50,"label":"Rodrigo Cardenas"}],"pa_duracion":[{"value":39,"label":"60min"}],"pa_escenografia":[{"value":45,"label":"Vanesa Abramovich"}],"pa_iluminacion":[{"value":46,"label":"Alan Monserrat"}],"pa_vestuario":[{"value":44,"label":"Vanesa Abramovich"}],"pa_visuales":[{"value":48,"label":"Ariel Loffi"}]},"featured_image_src_large":["https:\/\/bacstreaming.com.ar\/wp-content\/uploads\/2022\/07\/p_5_5-Amo-odiarte.jpg",732,977,false],"author_info":[],"comment_info":0,"_links":{"self":[{"href":"https:\/\/bacstreaming.com.ar\/index.php\/wp-json\/wp\/v2\/product\/29","targetHints":{"allow":["GET"]}}],"collection":[{"href":"https:\/\/bacstreaming.com.ar\/index.php\/wp-json\/wp\/v2\/product"}],"about":[{"href":"https:\/\/bacstreaming.com.ar\/index.php\/wp-json\/wp\/v2\/types\/product"}],"replies":[{"embeddable":true,"href":"https:\/\/bacstreaming.com.ar\/index.php\/wp-json\/wp\/v2\/comments?post=29"}],"wp:featuredmedia":[{"embeddable":true,"href":"https:\/\/bacstreaming.com.ar\/index.php\/wp-json\/wp\/v2\/media\/27"}],"wp:attachment":[{"href":"https:\/\/bacstreaming.com.ar\/index.php\/wp-json\/wp\/v2\/media?parent=29"}],"wp:term":[{"taxonomy":"product_brand","embeddable":true,"href":"https:\/\/bacstreaming.com.ar\/index.php\/wp-json\/wp\/v2\/product_brand?post=29"},{"taxonomy":"product_cat","embeddable":true,"href":"https:\/\/bacstreaming.com.ar\/index.php\/wp-json\/wp\/v2\/product_cat?post=29"},{"taxonomy":"product_tag","embeddable":true,"href":"https:\/\/bacstreaming.com.ar\/index.php\/wp-json\/wp\/v2\/product_tag?post=29"}],"curies":[{"name":"wp","href":"https:\/\/api.w.org\/{rel}","templated":true}]}}