{"id":38,"date":"2022-07-08T16:57:12","date_gmt":"2022-07-08T16:57:12","guid":{"rendered":"https:\/\/bacstreaming.com.ar\/index.php\/producto\/burlesque\/"},"modified":"2023-06-30T12:19:18","modified_gmt":"2023-06-30T12:19:18","slug":"burlesque","status":"publish","type":"product","link":"https:\/\/bacstreaming.com.ar\/index.php\/producto\/burlesque\/","title":{"rendered":"Burlesque"},"content":{"rendered":"<p><span style=\"font-family: Roboto, sans-serif; font-size: medium;\">Un show musical de pura sensualidad y fino humor, con un despliegue caracter\u00edstico de shows internacionales. En el perfecto marco del teatro m\u00e1s emblem\u00e1tico de Mar del Plata.<\/span><\/p>\n<p><span style=\"font-family: Roboto, sans-serif; font-size: medium;\">Viviremos la aventura de una compa\u00f1\u00eda de Burlesque en tiempos de crisis. Apasionantes historias de amor de los artistas que se entrecruzan para mantener su obra en pie frente a duros momentos econ\u00f3micos que sufre el pa\u00eds.<\/span><\/p>\n<p><span style=\"font-family: Roboto, sans-serif; font-size: medium;\">El espectador disfruta de una experiencia diferente al conocer un show teatral entre bambalinas, el detr\u00e1s y delante de escena, con el variet\u00e9 de espectaculares n\u00fameros art\u00edsticos.<\/span><\/p>\n","protected":false},"excerpt":{"rendered":"<div id=\"product-description-short-19\" class=\"product-short-desc\">\n<p>(Baile, entretenido)<\/p>\n<\/div>\n","protected":false},"featured_media":36,"comment_status":"open","ping_status":"closed","template":"","meta":{"kt_blocks_editor_width":"","_kad_blocks_custom_css":"","_kad_blocks_head_custom_js":"","_kad_blocks_body_custom_js":"","_kad_blocks_footer_custom_js":""},"product_brand":[],"product_cat":[36],"product_tag":[],"class_list":{"0":"post-38","1":"product","2":"type-product","3":"status-publish","4":"has-post-thumbnail","6":"product_cat-espectaculos","7":"pa_actuan-f1-fernandocorona_fabiangiano","8":"pa_adaptacion-osvaldolaport","9":"pa_asistenciadedireccion-carloscolmenares","10":"pa_asistenciadeproduccion-alanmonserrat","11":"pa_coachingactoral-yanigiovanetti","12":"pa_coreografia-delfinagarciaescudero","13":"pa_direcciongeneral-osvaldolaport","14":"pa_direccionmusical-martinbianchedi","15":"pa_disenodeescenografia-osvaldolaport","16":"pa_disenodevestuario-fernandocorona","17":"pa_disenografico-pattomorales","18":"pa_duracion-40min","19":"pa_idea-osvaldolaport","20":"pa_iluminacion-giselamarchetti","21":"pa_produccion-49-bacsproducciones_diegosore","22":"pa_produccionejecutiva-elpola","23":"pa_realizaciondeescenografia-monicalopez_gonzalomartinho","24":"pa_redessociales-0kmprensa","26":"first","27":"instock","28":"featured","29":"downloadable","30":"virtual","31":"purchasable","32":"product-type-simple"},"taxonomy_info":{"product_cat":[{"value":36,"label":"Espect\u00e1culos"}],"pa_actuan":[{"value":43,"label":"Fernando Corona,\u00a0Fabi\u00e1n Gianola,\u00a0Yani Giovanetti,\u00a0Jazmin Laport,\u00a0La Queen,\u00a0Rodolfo Ranni,\u00a0Viviana S\u00e1ez,\u00a0Pablo Sorensen"}],"pa_adaptacion":[{"value":52,"label":"Osvaldo Laport"}],"pa_asistenciadedireccion":[{"value":59,"label":"Carlos Colmenares"}],"pa_asistenciadeproduccion":[{"value":58,"label":"Alan Monserrat"}],"pa_coachingactoral":[{"value":63,"label":"Yani Giovanetti"}],"pa_coreografia":[{"value":62,"label":"Delfina Garcia Escudero"}],"pa_direcciongeneral":[{"value":65,"label":"Osvaldo Laport"}],"pa_direccionmusical":[{"value":64,"label":"Martin Bianchedi"}],"pa_disenodeescenografia":[{"value":54,"label":"Osvaldo Laport"}],"pa_disenodevestuario":[{"value":53,"label":"Fernando Corona"}],"pa_disenografico":[{"value":57,"label":"Patto Morales"}],"pa_duracion":[{"value":37,"label":"40min"}],"pa_idea":[{"value":51,"label":"Osvaldo Laport"}],"pa_iluminacion":[{"value":47,"label":"Gisela Marchetti"}],"pa_produccion":[{"value":61,"label":"Bacs Producciones,\u00a0Diego S\u00f3rensen"}],"pa_produccionejecutiva":[{"value":60,"label":"El Pola"}],"pa_realizaciondeescenografia":[{"value":55,"label":"M\u00f3nica L\u00f3pez,\u00a0Gonzalo Martinho"}],"pa_redessociales":[{"value":56,"label":"0km Prensa"}]},"featured_image_src_large":["https:\/\/bacstreaming.com.ar\/wp-content\/uploads\/2022\/07\/p_1_1_11-Burlesque.jpg",500,670,false],"author_info":[],"comment_info":0,"_links":{"self":[{"href":"https:\/\/bacstreaming.com.ar\/index.php\/wp-json\/wp\/v2\/product\/38","targetHints":{"allow":["GET"]}}],"collection":[{"href":"https:\/\/bacstreaming.com.ar\/index.php\/wp-json\/wp\/v2\/product"}],"about":[{"href":"https:\/\/bacstreaming.com.ar\/index.php\/wp-json\/wp\/v2\/types\/product"}],"replies":[{"embeddable":true,"href":"https:\/\/bacstreaming.com.ar\/index.php\/wp-json\/wp\/v2\/comments?post=38"}],"wp:featuredmedia":[{"embeddable":true,"href":"https:\/\/bacstreaming.com.ar\/index.php\/wp-json\/wp\/v2\/media\/36"}],"wp:attachment":[{"href":"https:\/\/bacstreaming.com.ar\/index.php\/wp-json\/wp\/v2\/media?parent=38"}],"wp:term":[{"taxonomy":"product_brand","embeddable":true,"href":"https:\/\/bacstreaming.com.ar\/index.php\/wp-json\/wp\/v2\/product_brand?post=38"},{"taxonomy":"product_cat","embeddable":true,"href":"https:\/\/bacstreaming.com.ar\/index.php\/wp-json\/wp\/v2\/product_cat?post=38"},{"taxonomy":"product_tag","embeddable":true,"href":"https:\/\/bacstreaming.com.ar\/index.php\/wp-json\/wp\/v2\/product_tag?post=38"}],"curies":[{"name":"wp","href":"https:\/\/api.w.org\/{rel}","templated":true}]}}